{"id":1702,"date":"2020-08-10T08:56:49","date_gmt":"2020-08-10T08:56:49","guid":{"rendered":"https:\/\/demo2wpopal.b-cdn.net\/freshio\/about-us\/"},"modified":"2023-11-26T14:24:07","modified_gmt":"2023-11-26T18:24:07","slug":"about-us","status":"publish","type":"page","link":"https:\/\/makemymeals.ca\/fr\/about-us\/","title":{"rendered":"\u00c0 Propos de Nous"},"content":{"rendered":"<p><img decoding=\"async\" width=\"234\" height=\"177\" src=\"https:\/\/makemymeals.ca\/wp-content\/uploads\/2021\/10\/About-us-100-veg.png\" alt=\"\" loading=\"lazy\" \/>\t\t\t\t\t\t\t\t\t\t\t\t\t\t<\/p>\n<figure><img decoding=\"async\" width=\"654\" height=\"415\" src=\"https:\/\/makemymeals.ca\/wp-content\/uploads\/2021\/10\/Leading-tiffin-service-1.png\" alt=\"\" loading=\"lazy\" \/><\/figure>\n<h3>Nouveaux nom, m\u00eame confiance<\/h3>\n<p>Le MMM est une meilleure mise \u00e0 niveau du service Tiffin. En tant que fournisseur de services Tiffin, nous sommes en t\u00eate du classement avec la r\u00e9ponse \u00e9crasante de plus de 500 clients satisfaits.<\/p>\n<figure><img decoding=\"async\" width=\"654\" height=\"415\" src=\"https:\/\/makemymeals.ca\/wp-content\/uploads\/2021\/10\/Crowd-pleasing-taste.png\" alt=\"\" loading=\"lazy\" \/><\/figure>\n<h3>Go\u00fbt qui pla\u00eet \u00e0 la foule<\/h3>\n<p>MakeMyMeals pr\u00e9sente des repas au go\u00fbt tentant et une vari\u00e9t\u00e9 d'options au choix - livr\u00e9s \u00e0 votre porte<\/p>\n<figure><img decoding=\"async\" width=\"654\" height=\"415\" src=\"https:\/\/makemymeals.ca\/wp-content\/uploads\/2021\/10\/No-commitment.png\" alt=\"\" loading=\"lazy\" \/><\/figure>\n<h3>Aucune obligation - lit\u00e9ralement<\/h3>\n<p>Commandez des repas sur MakeMyMeals, sautez n'importe quel jour de la semaine, planifiez votre horaire de repas hebdomadaire selon votre choix<\/p>\n<h2>MakeMyMeals refl\u00e8te le meilleur go\u00fbt<\/h2>\n<h3>\n\t\t\t\t\t\tGo\u00fbt du fait maison<br \/>\n\t\t\t\t<\/h3>\n<p>\n\t\t\t\t\t\tLes chefs de MMM travaille avec un sentiment de \u00ab\u00a0la plupart des aliments ont meilleur go\u00fbt lorsque nous les pr\u00e9parons avec plus d'amour\u00a0\u00bb\t\t\t\t\t<\/p>\n<h3>\n\t\t\t\t\t\tFresh &#038; Hygiene<br \/>\n\t\t\t\t<\/h3>\n<p>\n\t\t\t\t\t\tRepas fra\u00eechement pr\u00e9par\u00e9s accessibles \u00e0 tous en prenant soin d'une bonne hygi\u00e8ne\t\t\t\t\t<\/p>\n<h3>\n\t\t\t\t\t\t100% biologique<br \/>\n\t\t\t\t<\/h3>\n<p>\n\t\t\t\t\t\tLes repas de MMM sont pr\u00e9par\u00e9s \u00e0 partir de produits 100% biologiques pour les rendre frais \u00e0 manger\t\t\t\t\t<\/p>\n<p>\t\t\t\t\t\t\t\t\t\t\t\t<img decoding=\"async\" width=\"487\" height=\"450\" src=\"https:\/\/makemymeals.ca\/wp-content\/uploads\/2021\/10\/About-us-Our-Products-Reflects-the-better-Taste.png\" alt=\"\" loading=\"lazy\" srcset=\"https:\/\/makemymeals.ca\/wp-content\/uploads\/2021\/10\/About-us-Our-Products-Reflects-the-better-Taste.png 487w, https:\/\/makemymeals.ca\/wp-content\/uploads\/2021\/10\/About-us-Our-Products-Reflects-the-better-Taste-300x277.png 300w\" sizes=\"auto, (max-width: 487px) 100vw, 487px\" \/>\t\t\t\t\t\t\t\t\t\t\t\t\t\t<\/p>\n<h3>\n\t\t\t\t\t\tNatural herbs &#038; Spices<br \/>\n\t\t\t\t<\/h3>\n<p>\n\t\t\t\t\t\tNous prenons un soin particulier des \u00e9pices et des herbes pour donner une touche savoureuse \u00e0 chaque aliment indien\t\t\t\t\t<\/p>\n<h3>\n\t\t\t\t\t\tDurable<br \/>\n\t\t\t\t<\/h3>\n<p>\n\t\t\t\t\t\tRepas pr\u00e9par\u00e9 pour chaque style de vie avec des produits de source durable\t\t\t\t\t<\/p>\n<h3>\n\t\t\t\t\t\tHaute qualit\u00e9<br \/>\n\t\t\t\t<\/h3>\n<p>\n\t\t\t\t\t\tChaque aliment est parfaitement go\u00fbt\u00e9 pour s'assurer que la saveur et la texture sont bien \u00e9quilibr\u00e9es\t\t\t\t\t<\/p>\n<p>                <img decoding=\"async\" width=\"250\" height=\"250\" src=\"https:\/\/makemymeals.ca\/wp-content\/uploads\/2021\/10\/Image-2.png\" alt=\"\" loading=\"lazy\" srcset=\"https:\/\/makemymeals.ca\/wp-content\/uploads\/2021\/10\/Image-2.png 250w, https:\/\/makemymeals.ca\/wp-content\/uploads\/2021\/10\/Image-2-150x150.png 150w, https:\/\/makemymeals.ca\/wp-content\/uploads\/2021\/10\/Image-2-100x100.png 100w, https:\/\/makemymeals.ca\/wp-content\/uploads\/2021\/10\/Image-2-96x96.png 96w\" sizes=\"auto, (max-width: 250px) 100vw, 250px\" \/><br \/>\n                                            u201cAlso Like the fact that I can pick my staples in the brown paper packs and glass containers at the zero waste section, with an idea to reduce plastic and also more convenient.u201d<br \/>\n                                        Smitha &#8211;                                         Cunningham Store<br \/>\n                <img decoding=\"async\" width=\"250\" height=\"250\" src=\"https:\/\/makemymeals.ca\/wp-content\/uploads\/2021\/10\/Image-3.png\" alt=\"\" loading=\"lazy\" srcset=\"https:\/\/makemymeals.ca\/wp-content\/uploads\/2021\/10\/Image-3.png 250w, https:\/\/makemymeals.ca\/wp-content\/uploads\/2021\/10\/Image-3-150x150.png 150w, https:\/\/makemymeals.ca\/wp-content\/uploads\/2021\/10\/Image-3-100x100.png 100w, https:\/\/makemymeals.ca\/wp-content\/uploads\/2021\/10\/Image-3-96x96.png 96w\" sizes=\"auto, (max-width: 250px) 100vw, 250px\" \/><br \/>\n                                            u201cAlso Like the fact that I can pick my staples in the brown paper packs and glass containers at the zero waste section, with an idea to reduce plastic and also more convenient.u201d<br \/>\n                                        John Doe &#8211;                                         Design<br \/>\n\t\t\t\t\t\t\t\t\t\t\t\t<img decoding=\"async\" src=\"https:\/\/demo2wpopal.b-cdn.net\/freshio\/wp-content\/uploads\/2020\/08\/h3_leaf-4.png\" title=\"\" alt=\"\" \/><br \/>\n\t\t\t\t\t\t\t\t\t\t\t\t<img decoding=\"async\" src=\"https:\/\/demo2wpopal.b-cdn.net\/freshio\/wp-content\/uploads\/2020\/08\/h3_leaf-2.png\" title=\"\" alt=\"\" \/>\t\t\t\t\t\t\t\t\t\t\t\t\t\t<\/p>\n<p>Our Team<\/p>\n<h2>We Are The Best Team<\/h2>\n<p>                <img decoding=\"async\" src=\"https:\/\/demo2wpopal.b-cdn.net\/freshio\/wp-content\/uploads\/2020\/08\/team1.jpg\" title=\"\" alt=\"\" \/>                <\/p>\n<ul>\n                                                                                                                                                                                                                                                            <\/ul>\n<p>            Sherri Horton<br \/>\n            Founder<br \/>\n                <img decoding=\"async\" src=\"https:\/\/demo2wpopal.b-cdn.net\/freshio\/wp-content\/uploads\/2020\/08\/team2.jpg\" title=\"\" alt=\"\" \/>                <\/p>\n<ul>\n                                                                                                                                                                                                                                                            <\/ul>\n<p>            Hector Stokes<br \/>\n            Farmer<br \/>\n                <img decoding=\"async\" src=\"https:\/\/demo2wpopal.b-cdn.net\/freshio\/wp-content\/uploads\/2020\/08\/team3.jpg\" title=\"\" alt=\"\" \/>                <\/p>\n<ul>\n                                                                                                                                                                                                                                                            <\/ul>\n<p>            Aliesha Preston<br \/>\n            Farmer<br \/>\n                <img decoding=\"async\" src=\"https:\/\/demo2wpopal.b-cdn.net\/freshio\/wp-content\/uploads\/2020\/08\/team4.jpg\" title=\"\" alt=\"\" \/>                <\/p>\n<ul>\n                                                                                                                                                                                                                                                            <\/ul>\n<p>            Eiliyah Gould<br \/>\n            Farmer<\/p>","protected":false},"excerpt":{"rendered":"<p>New Name, Same Trust The MMM is a better upgrade of the tiffin service. As a tiffin service provider, we top the leaderboard with the overwhelming response of 500+ Happy Customers Crowd-Pleasing Taste MakeMyMeals presents meals with tempting taste and a variety of options to choose from- delivered to your doorstep No-Commitment, Literally Order meals [&hellip;]<\/p>","protected":false},"author":1,"featured_media":0,"parent":0,"menu_order":0,"comment_status":"closed","ping_status":"closed","template":"","meta":{"inline_featured_image":false,"footnotes":""},"class_list":["post-1702","page","type-page","status-publish","hentry"],"yoast_head":"<!-- This site is optimized with the Yoast SEO plugin v20.13 - https:\/\/yoast.com\/wordpress\/plugins\/seo\/ -->\n<title>About us - MakeMyMeals<\/title>\n<meta name=\"robots\" content=\"index, follow, max-snippet:-1, max-image-preview:large, max-video-preview:-1\" \/>\n<link rel=\"canonical\" href=\"https:\/\/makemymeals.ca\/fr\/about-us\/\" \/>\n<meta property=\"og:locale\" content=\"fr_CA\" \/>\n<meta property=\"og:type\" content=\"article\" \/>\n<meta property=\"og:title\" content=\"About us - MakeMyMeals\" \/>\n<meta property=\"og:description\" content=\"New Name, Same Trust The MMM is a better upgrade of the tiffin service. As a tiffin service provider, we top the leaderboard with the overwhelming response of 500+ Happy Customers Crowd-Pleasing Taste MakeMyMeals presents meals with tempting taste and a variety of options to choose from- delivered to your doorstep No-Commitment, Literally Order meals [&hellip;]\" \/>\n<meta property=\"og:url\" content=\"https:\/\/makemymeals.ca\/fr\/about-us\/\" \/>\n<meta property=\"og:site_name\" content=\"MakeMyMeals\" \/>\n<meta property=\"article:modified_time\" content=\"2023-11-26T18:24:07+00:00\" \/>\n<meta property=\"og:image\" content=\"https:\/\/makemymeals.ca\/wp-content\/uploads\/2021\/10\/About-us-100-veg.png\" \/>\n<meta name=\"twitter:card\" content=\"summary_large_image\" \/>\n<meta name=\"twitter:label1\" content=\"Estimation du temps de lecture\" \/>\n\t<meta name=\"twitter:data1\" content=\"1 minute\" \/>\n<script type=\"application\/ld+json\" class=\"yoast-schema-graph\">{\"@context\":\"https:\/\/schema.org\",\"@graph\":[{\"@type\":\"WebPage\",\"@id\":\"https:\/\/makemymeals.ca\/about-us\/\",\"url\":\"https:\/\/makemymeals.ca\/about-us\/\",\"name\":\"About us - MakeMyMeals\",\"isPartOf\":{\"@id\":\"https:\/\/makemymeals.ca\/#website\"},\"datePublished\":\"2020-08-10T08:56:49+00:00\",\"dateModified\":\"2023-11-26T18:24:07+00:00\",\"breadcrumb\":{\"@id\":\"https:\/\/makemymeals.ca\/about-us\/#breadcrumb\"},\"inLanguage\":\"fr-CA\",\"potentialAction\":[{\"@type\":\"ReadAction\",\"target\":[\"https:\/\/makemymeals.ca\/about-us\/\"]}]},{\"@type\":\"BreadcrumbList\",\"@id\":\"https:\/\/makemymeals.ca\/about-us\/#breadcrumb\",\"itemListElement\":[{\"@type\":\"ListItem\",\"position\":1,\"name\":\"Home\",\"item\":\"https:\/\/makemymeals.ca\/\"},{\"@type\":\"ListItem\",\"position\":2,\"name\":\"About us\"}]},{\"@type\":\"WebSite\",\"@id\":\"https:\/\/makemymeals.ca\/#website\",\"url\":\"https:\/\/makemymeals.ca\/\",\"name\":\"MakeMyMeals\",\"description\":\"\",\"publisher\":{\"@id\":\"https:\/\/makemymeals.ca\/#organization\"},\"potentialAction\":[{\"@type\":\"SearchAction\",\"target\":{\"@type\":\"EntryPoint\",\"urlTemplate\":\"https:\/\/makemymeals.ca\/?s={search_term_string}\"},\"query-input\":\"required name=search_term_string\"}],\"inLanguage\":\"fr-CA\"},{\"@type\":\"Organization\",\"@id\":\"https:\/\/makemymeals.ca\/#organization\",\"name\":\"MakeMyMeals\",\"url\":\"https:\/\/makemymeals.ca\/\",\"logo\":{\"@type\":\"ImageObject\",\"inLanguage\":\"fr-CA\",\"@id\":\"https:\/\/makemymeals.ca\/#\/schema\/logo\/image\/\",\"url\":\"https:\/\/makemymeals.ca\/wp-content\/uploads\/2020\/08\/Makemymeals-1.png\",\"contentUrl\":\"https:\/\/makemymeals.ca\/wp-content\/uploads\/2020\/08\/Makemymeals-1.png\",\"width\":3335,\"height\":1877,\"caption\":\"MakeMyMeals\"},\"image\":{\"@id\":\"https:\/\/makemymeals.ca\/#\/schema\/logo\/image\/\"}}]}<\/script>\n<!-- \/ Yoast SEO plugin. -->","yoast_head_json":{"title":"About us - MakeMyMeals","robots":{"index":"index","follow":"follow","max-snippet":"max-snippet:-1","max-image-preview":"max-image-preview:large","max-video-preview":"max-video-preview:-1"},"canonical":"https:\/\/makemymeals.ca\/fr\/about-us\/","og_locale":"fr_CA","og_type":"article","og_title":"About us - MakeMyMeals","og_description":"New Name, Same Trust The MMM is a better upgrade of the tiffin service. As a tiffin service provider, we top the leaderboard with the overwhelming response of 500+ Happy Customers Crowd-Pleasing Taste MakeMyMeals presents meals with tempting taste and a variety of options to choose from- delivered to your doorstep No-Commitment, Literally Order meals [&hellip;]","og_url":"https:\/\/makemymeals.ca\/fr\/about-us\/","og_site_name":"MakeMyMeals","article_modified_time":"2023-11-26T18:24:07+00:00","og_image":[{"url":"https:\/\/makemymeals.ca\/wp-content\/uploads\/2021\/10\/About-us-100-veg.png"}],"twitter_card":"summary_large_image","twitter_misc":{"Estimation du temps de lecture":"1 minute"},"schema":{"@context":"https:\/\/schema.org","@graph":[{"@type":"WebPage","@id":"https:\/\/makemymeals.ca\/about-us\/","url":"https:\/\/makemymeals.ca\/about-us\/","name":"About us - MakeMyMeals","isPartOf":{"@id":"https:\/\/makemymeals.ca\/#website"},"datePublished":"2020-08-10T08:56:49+00:00","dateModified":"2023-11-26T18:24:07+00:00","breadcrumb":{"@id":"https:\/\/makemymeals.ca\/about-us\/#breadcrumb"},"inLanguage":"fr-CA","potentialAction":[{"@type":"ReadAction","target":["https:\/\/makemymeals.ca\/about-us\/"]}]},{"@type":"BreadcrumbList","@id":"https:\/\/makemymeals.ca\/about-us\/#breadcrumb","itemListElement":[{"@type":"ListItem","position":1,"name":"Home","item":"https:\/\/makemymeals.ca\/"},{"@type":"ListItem","position":2,"name":"About us"}]},{"@type":"WebSite","@id":"https:\/\/makemymeals.ca\/#website","url":"https:\/\/makemymeals.ca\/","name":"MakeMyMeals","description":"","publisher":{"@id":"https:\/\/makemymeals.ca\/#organization"},"potentialAction":[{"@type":"SearchAction","target":{"@type":"EntryPoint","urlTemplate":"https:\/\/makemymeals.ca\/?s={search_term_string}"},"query-input":"required name=search_term_string"}],"inLanguage":"fr-CA"},{"@type":"Organization","@id":"https:\/\/makemymeals.ca\/#organization","name":"MakeMyMeals","url":"https:\/\/makemymeals.ca\/","logo":{"@type":"ImageObject","inLanguage":"fr-CA","@id":"https:\/\/makemymeals.ca\/#\/schema\/logo\/image\/","url":"https:\/\/makemymeals.ca\/wp-content\/uploads\/2020\/08\/Makemymeals-1.png","contentUrl":"https:\/\/makemymeals.ca\/wp-content\/uploads\/2020\/08\/Makemymeals-1.png","width":3335,"height":1877,"caption":"MakeMyMeals"},"image":{"@id":"https:\/\/makemymeals.ca\/#\/schema\/logo\/image\/"}}]}},"_links":{"self":[{"href":"https:\/\/makemymeals.ca\/fr\/wp-json\/wp\/v2\/pages\/1702","targetHints":{"allow":["GET"]}}],"collection":[{"href":"https:\/\/makemymeals.ca\/fr\/wp-json\/wp\/v2\/pages"}],"about":[{"href":"https:\/\/makemymeals.ca\/fr\/wp-json\/wp\/v2\/types\/page"}],"author":[{"embeddable":true,"href":"https:\/\/makemymeals.ca\/fr\/wp-json\/wp\/v2\/users\/1"}],"replies":[{"embeddable":true,"href":"https:\/\/makemymeals.ca\/fr\/wp-json\/wp\/v2\/comments?post=1702"}],"version-history":[{"count":87,"href":"https:\/\/makemymeals.ca\/fr\/wp-json\/wp\/v2\/pages\/1702\/revisions"}],"predecessor-version":[{"id":3588,"href":"https:\/\/makemymeals.ca\/fr\/wp-json\/wp\/v2\/pages\/1702\/revisions\/3588"}],"wp:attachment":[{"href":"https:\/\/makemymeals.ca\/fr\/wp-json\/wp\/v2\/media?parent=1702"}],"curies":[{"name":"wp","href":"https:\/\/api.w.org\/{rel}","templated":true}]}}